{"id":12,"date":"2024-07-16T14:36:14","date_gmt":"2024-07-16T14:36:14","guid":{"rendered":"https:\/\/project.panatudestino.com\/?page_id=12"},"modified":"2025-07-31T18:39:23","modified_gmt":"2025-07-31T18:39:23","slug":"panajachel","status":"publish","type":"page","link":"https:\/\/panatudestino.com\/","title":{"rendered":"Panajachel"},"content":{"rendered":"<p>[et_pb_section fb_built=\u00bb1&#8243; fullwidth=\u00bbon\u00bb _builder_version=\u00bb4.25.1&#8243; _module_preset=\u00bbdefault\u00bb global_colors_info=\u00bb{}\u00bb][et_pb_fullwidth_slider _builder_version=\u00bb4.25.1&#8243; _module_preset=\u00bbdefault\u00bb min_height=\u00bb758.6px\u00bb global_colors_info=\u00bb{}\u00bb][et_pb_slide heading=\u00bbDescubre Panajachel\u00bb use_bg_overlay=\u00bbon\u00bb bg_overlay_color=\u00bbrgba(0,0,0,0.2)\u00bb _builder_version=\u00bb4.25.1&#8243; _module_preset=\u00bbdefault\u00bb header_font=\u00bb|700|||||||\u00bb header_font_size=\u00bb60px\u00bb body_font=\u00bb|600|||||||\u00bb body_font_size=\u00bb27px\u00bb background_enable_color=\u00bboff\u00bb background_image=\u00bbhttps:\/\/panatudestino.com\/wp-content\/uploads\/2024\/07\/IMG_1216-scaled.jpg\u00bb background_enable_image=\u00bbon\u00bb global_colors_info=\u00bb{}\u00bb sticky_transition=\u00bbon\u00bb]<\/p>\n<p>\u00a1La aventura te espera!<\/p>\n<p>[\/et_pb_slide][et_pb_slide heading=\u00bbVive, trabaja y explora\u00bb _builder_version=\u00bb4.25.1&#8243; _module_preset=\u00bbdefault\u00bb header_font=\u00bb|700|||||||\u00bb header_font_size=\u00bb60px\u00bb background_enable_color=\u00bboff\u00bb background_image=\u00bbhttps:\/\/panatudestino.com\/wp-content\/uploads\/2024\/12\/DSC_9576-scaled.jpg\u00bb background_enable_image=\u00bbon\u00bb global_colors_info=\u00bb{}\u00bb sticky_transition=\u00bbon\u00bb][\/et_pb_slide][\/et_pb_fullwidth_slider][\/et_pb_section][et_pb_section fb_built=\u00bb1&#8243; _builder_version=\u00bb4.25.1&#8243; _module_preset=\u00bbdefault\u00bb global_colors_info=\u00bb{}\u00bb][et_pb_row column_structure=\u00bb1_2,1_2&#8243; _builder_version=\u00bb4.25.1&#8243; _module_preset=\u00bbdefault\u00bb global_colors_info=\u00bb{}\u00bb][et_pb_column type=\u00bb1_2&#8243; _builder_version=\u00bb4.25.1&#8243; _module_preset=\u00bbdefault\u00bb animation_style=\u00bbslide\u00bb global_colors_info=\u00bb{}\u00bb][et_pb_heading title=\u00bbPanajachel\u00bb _builder_version=\u00bb4.25.1&#8243; _module_preset=\u00bbdefault\u00bb global_colors_info=\u00bb{}\u00bb][\/et_pb_heading][et_pb_text _builder_version=\u00bb4.25.1&#8243; _module_preset=\u00bbdefault\u00bb global_colors_info=\u00bb{}\u00bb]<\/p>\n<p>Ubicado a orillas del Lago Atitl\u00e1n en Solol\u00e1 ofrece vistas impresionantes de los volcanes Tolim\u00e1n, Atitl\u00e1n y San Pedro. Sus amaneceres y atardeceres son espectaculares en cualquier \u00e9poca del a\u00f1o, creando un entorno perfecto para el descanso y la contemplaci\u00f3n.<\/p>\n<p>Este destino cuenta con reservas naturales, playas, miradores, museos, galer\u00edas de arte y un mercado de artesan\u00edas, adem\u00e1s ofrece una amplia variedad de hoteles, restaurantes y vida nocturna, brindando una experiencia inolvidable para todos sus visitantes. \u00a1Pana tu destino te espera!<\/p>\n<p>[\/et_pb_text][\/et_pb_column][et_pb_column type=\u00bb1_2&#8243; _builder_version=\u00bb4.25.1&#8243; _module_preset=\u00bbdefault\u00bb animation_style=\u00bbslide\u00bb global_colors_info=\u00bb{}\u00bb][et_pb_image src=\u00bbhttps:\/\/panatudestino.com\/wp-content\/uploads\/2024\/07\/ventalago-scaled.jpg\u00bb title_text=\u00bbventalago\u00bb _builder_version=\u00bb4.25.1&#8243; _module_preset=\u00bbdefault\u00bb border_radii=\u00bbon|10px|10px|10px|10px\u00bb global_colors_info=\u00bb{}\u00bb][\/et_pb_image][\/et_pb_column][\/et_pb_row][\/et_pb_section][et_pb_section fb_built=\u00bb1&#8243; _builder_version=\u00bb4.25.1&#8243; _module_preset=\u00bbdefault\u00bb background_enable_color=\u00bboff\u00bb background_image=\u00bbhttps:\/\/panatudestino.com\/wp-content\/uploads\/2025\/02\/DSC_9694-min-scaled.jpg\u00bb global_colors_info=\u00bb{}\u00bb][et_pb_row column_structure=\u00bb1_2,1_2&#8243; _builder_version=\u00bb4.25.1&#8243; _module_preset=\u00bbdefault\u00bb global_colors_info=\u00bb{}\u00bb][et_pb_column type=\u00bb1_2&#8243; _builder_version=\u00bb4.25.1&#8243; _module_preset=\u00bbdefault\u00bb global_colors_info=\u00bb{}\u00bb][et_pb_heading title=\u00bbMirador Xecumuc\u00bb _builder_version=\u00bb4.27.4&#8243; _module_preset=\u00bbdefault\u00bb title_font=\u00bb|600|||||||\u00bb title_text_color=\u00bb#FFFFFF\u00bb title_font_size=\u00bb50px\u00bb animation_style=\u00bbflip\u00bb global_colors_info=\u00bb{}\u00bb][\/et_pb_heading][et_pb_text _builder_version=\u00bb4.25.1&#8243; _module_preset=\u00bbdefault\u00bb text_text_color=\u00bb#FFFFFF\u00bb animation_style=\u00bbflip\u00bb global_colors_info=\u00bb{}\u00bb]<\/p>\n<p><span data-contrast=\"auto\">Disfruta el d\u00eda en el parque y mirador Xecumuc con diferentes senderos monta\u00f1osos los cuales dan el inicio a la aventura con una caminata de acceso a las instalaciones, explora de las cuevas naturales, columpios, una deliciosa pizza y una asombrosa vista del lago Atitl\u00e1n con sus volcanes.<\/span><span data-ccp-props=\"{&quot;335551550&quot;:6,&quot;335551620&quot;:6}\">\u00a0<\/span><\/p>\n<p>[\/et_pb_text][\/et_pb_column][et_pb_column type=\u00bb1_2&#8243; _builder_version=\u00bb4.25.1&#8243; _module_preset=\u00bbdefault\u00bb global_colors_info=\u00bb{}\u00bb][et_pb_image src=\u00bbhttps:\/\/panatudestino.com\/wp-content\/uploads\/2025\/02\/DSC_9523-min-scaled.jpg\u00bb title_text=\u00bbDSC_9523-min\u00bb _builder_version=\u00bb4.25.1&#8243; _module_preset=\u00bbdefault\u00bb border_radii=\u00bbon|10px|10px|10px|10px\u00bb global_colors_info=\u00bb{}\u00bb][\/et_pb_image][\/et_pb_column][\/et_pb_row][\/et_pb_section][et_pb_section fb_built=\u00bb1&#8243; _builder_version=\u00bb4.25.1&#8243; _module_preset=\u00bbdefault\u00bb global_colors_info=\u00bb{}\u00bb][et_pb_row column_structure=\u00bb1_4,1_4,1_4,1_4&#8243; _builder_version=\u00bb4.25.1&#8243; _module_preset=\u00bbdefault\u00bb global_colors_info=\u00bb{}\u00bb][et_pb_column type=\u00bb1_4&#8243; _builder_version=\u00bb4.25.1&#8243; _module_preset=\u00bbdefault\u00bb link_option_url=\u00bbhttps:\/\/panatudestino.com\/index.php\/hoteles-2\/\u00bb global_colors_info=\u00bb{}\u00bb][et_pb_team_member name=\u00bbHoteles\u00bb image_url=\u00bbhttps:\/\/panatudestino.com\/wp-content\/uploads\/2024\/07\/hoteles.jpg\u00bb _builder_version=\u00bb4.27.4&#8243; _module_preset=\u00bbdefault\u00bb header_text_align=\u00bbcenter\u00bb animation_style=\u00bbflip\u00bb border_radii=\u00bbon|10px|10px|10px|10px\u00bb box_shadow_style=\u00bbpreset2&#8243; global_colors_info=\u00bb{}\u00bb][\/et_pb_team_member][\/et_pb_column][et_pb_column type=\u00bb1_4&#8243; _builder_version=\u00bb4.25.1&#8243; _module_preset=\u00bbdefault\u00bb link_option_url=\u00bbhttps:\/\/panatudestino.com\/index.php\/restaurantes-2\/\u00bb global_colors_info=\u00bb{}\u00bb][et_pb_team_member name=\u00bbRestaurantes\u00bb image_url=\u00bbhttps:\/\/panatudestino.com\/wp-content\/uploads\/2024\/07\/Restaurantes.jpg\u00bb _builder_version=\u00bb4.27.4&#8243; _module_preset=\u00bbdefault\u00bb header_text_align=\u00bbcenter\u00bb animation_style=\u00bbflip\u00bb border_radii=\u00bbon|10px|10px|10px|10px\u00bb box_shadow_style=\u00bbpreset2&#8243; global_colors_info=\u00bb{}\u00bb][\/et_pb_team_member][\/et_pb_column][et_pb_column type=\u00bb1_4&#8243; _builder_version=\u00bb4.25.1&#8243; _module_preset=\u00bbdefault\u00bb link_option_url=\u00bbhttps:\/\/panatudestino.com\/index.php\/hospedajes-2\/\u00bb global_colors_info=\u00bb{}\u00bb][et_pb_team_member name=\u00bbHospedajes\u00bb image_url=\u00bbhttps:\/\/panatudestino.com\/wp-content\/uploads\/2024\/07\/Hospedajes.jpg\u00bb _builder_version=\u00bb4.27.4&#8243; _module_preset=\u00bbdefault\u00bb header_text_align=\u00bbcenter\u00bb animation_style=\u00bbflip\u00bb border_radii=\u00bbon|10px|10px|10px|10px\u00bb box_shadow_style=\u00bbpreset2&#8243; global_colors_info=\u00bb{}\u00bb][\/et_pb_team_member][\/et_pb_column][et_pb_column type=\u00bb1_4&#8243; _builder_version=\u00bb4.25.1&#8243; _module_preset=\u00bbdefault\u00bb link_option_url=\u00bbhttps:\/\/panatudestino.com\/index.php\/tour-operadoras\/\u00bb global_colors_info=\u00bb{}\u00bb][et_pb_team_member name=\u00bbTour Operadores\u00bb image_url=\u00bbhttps:\/\/panatudestino.com\/wp-content\/uploads\/2024\/07\/Tour.jpg\u00bb _builder_version=\u00bb4.27.4&#8243; _module_preset=\u00bbdefault\u00bb header_text_align=\u00bbcenter\u00bb animation_style=\u00bbflip\u00bb border_radii=\u00bbon|10px|10px|10px|10px\u00bb box_shadow_style=\u00bbpreset2&#8243; global_colors_info=\u00bb{}\u00bb][\/et_pb_team_member][\/et_pb_column][\/et_pb_row][\/et_pb_section][et_pb_section fb_built=\u00bb1&#8243; fullwidth=\u00bbon\u00bb _builder_version=\u00bb4.25.1&#8243; _module_preset=\u00bbdefault\u00bb global_colors_info=\u00bb{}\u00bb][et_pb_fullwidth_code _builder_version=\u00bb4.27.4&#8243; _module_preset=\u00bbdefault\u00bb animation_style=\u00bbflip\u00bb global_colors_info=\u00bb{}\u00bb]<iframe loading=\"lazy\" src=\"https:\/\/www.google.com\/maps\/d\/u\/2\/embed?mid=1gTHRyZljUWWgxaSjwh4aLpCpHUHAGDj-&#038;ehbc=2E312F\" width=\"2500\" height=\"750\"><\/iframe>[\/et_pb_fullwidth_code][\/et_pb_section][et_pb_section fb_built=\u00bb1&#8243; _builder_version=\u00bb4.25.1&#8243; _module_preset=\u00bbdefault\u00bb custom_padding=\u00bb15px|||||\u00bb global_colors_info=\u00bb{}\u00bb][et_pb_row column_structure=\u00bb1_3,1_3,1_3&#8243; _builder_version=\u00bb4.25.1&#8243; _module_preset=\u00bbdefault\u00bb global_colors_info=\u00bb{}\u00bb][et_pb_column type=\u00bb1_3&#8243; _builder_version=\u00bb4.25.1&#8243; _module_preset=\u00bbdefault\u00bb global_colors_info=\u00bb{}\u00bb][et_pb_team_member name=\u00bbPana tu Destino\u00bb image_url=\u00bbhttps:\/\/panatudestino.com\/wp-content\/uploads\/2024\/08\/Pana-tu-Destino.png\u00bb _builder_version=\u00bb4.27.4&#8243; _module_preset=\u00bbdefault\u00bb body_text_align=\u00bbcenter\u00bb text_orientation=\u00bbcenter\u00bb animation_style=\u00bbflip\u00bb border_radii=\u00bbon|10px|10px|10px|10px\u00bb global_colors_info=\u00bb{}\u00bb]<\/p>\n<p>Es la marca tur\u00edstica oficial de Panajachel, promovida por la Direcci\u00f3n Municipal de Turismo. Esta se dedica a la promoci\u00f3n y proyecci\u00f3n del municipio a nivel nacional e internacional. Resaltando la belleza natural, cultural, la oferta tur\u00edstica para disfrutar de experiencias aut\u00e9nticas y memorables.<\/p>\n<p>[\/et_pb_team_member][\/et_pb_column][et_pb_column type=\u00bb1_3&#8243; _builder_version=\u00bb4.25.1&#8243; _module_preset=\u00bbdefault\u00bb global_colors_info=\u00bb{}\u00bb][et_pb_team_member name=\u00bbMunicipalidad de Panajachel\u00bb image_url=\u00bbhttps:\/\/panatudestino.com\/wp-content\/uploads\/2024\/08\/Muni.png\u00bb _builder_version=\u00bb4.27.4&#8243; _module_preset=\u00bbdefault\u00bb text_orientation=\u00bbcenter\u00bb animation_style=\u00bbflip\u00bb border_radii=\u00bbon|10px|10px|10px|10px\u00bb global_colors_info=\u00bb{}\u00bb]<\/p>\n<p>Gobierno local aut\u00f3nomo, solidario y comprometido con el desarrollo integral del municipio. Promueve el bienestar social mediante estrategias inclusivas y sostenibles, enfocadas en satisfacer las diversas necesidades de la comunidad, con el objetivo de alcanzar el m\u00e1ximo progreso y prosperidad para todos sus habitantes.<\/p>\n<p>[\/et_pb_team_member][\/et_pb_column][et_pb_column type=\u00bb1_3&#8243; _builder_version=\u00bb4.25.1&#8243; _module_preset=\u00bbdefault\u00bb global_colors_info=\u00bb{}\u00bb][et_pb_team_member name=\u00bbDirecci\u00f3n Municipal de Turismo\u00bb image_url=\u00bbhttps:\/\/panatudestino.com\/wp-content\/uploads\/2024\/08\/DMT.png\u00bb _builder_version=\u00bb4.27.4&#8243; _module_preset=\u00bbdefault\u00bb text_orientation=\u00bbcenter\u00bb animation_style=\u00bbflip\u00bb border_radii=\u00bbon|10px|10px|10px|10px\u00bb global_colors_info=\u00bb{}\u00bb]<\/p>\n<p>Es el ente encargado de promover el desarrollo tur\u00edstico de Panajachel, fortalecer sus capacidades de gesti\u00f3n, fomentar la promoci\u00f3n por medio de la Municipalidad y as\u00ed contribuir e impulsar los atractivos como oportunidad para generar acciones que permitan alcanzar el desarrollo tur\u00edstico del municipio.<\/p>\n<p>[\/et_pb_team_member][\/et_pb_column][\/et_pb_row][\/et_pb_section]<\/p>\n","protected":false},"excerpt":{"rendered":"<p>\u00a1La aventura te espera!Ubicado a orillas del Lago Atitl\u00e1n en Solol\u00e1 ofrece vistas impresionantes de los volcanes Tolim\u00e1n, Atitl\u00e1n y San Pedro. Sus amaneceres y atardeceres son espectaculares en cualquier \u00e9poca del a\u00f1o, creando un entorno perfecto para el descanso y la contemplaci\u00f3n. Este destino cuenta con reservas naturales, playas, miradores, museos, galer\u00edas de arte [&hellip;]<\/p>\n","protected":false},"author":1,"featured_media":0,"parent":0,"menu_order":0,"comment_status":"closed","ping_status":"closed","template":"","meta":{"_et_pb_use_builder":"on","_et_pb_old_content":"","_et_gb_content_width":"","footnotes":""},"class_list":["post-12","page","type-page","status-publish","hentry"],"_links":{"self":[{"href":"https:\/\/panatudestino.com\/index.php\/wp-json\/wp\/v2\/pages\/12","targetHints":{"allow":["GET"]}}],"collection":[{"href":"https:\/\/panatudestino.com\/index.php\/wp-json\/wp\/v2\/pages"}],"about":[{"href":"https:\/\/panatudestino.com\/index.php\/wp-json\/wp\/v2\/types\/page"}],"author":[{"embeddable":true,"href":"https:\/\/panatudestino.com\/index.php\/wp-json\/wp\/v2\/users\/1"}],"replies":[{"embeddable":true,"href":"https:\/\/panatudestino.com\/index.php\/wp-json\/wp\/v2\/comments?post=12"}],"version-history":[{"count":54,"href":"https:\/\/panatudestino.com\/index.php\/wp-json\/wp\/v2\/pages\/12\/revisions"}],"predecessor-version":[{"id":1280,"href":"https:\/\/panatudestino.com\/index.php\/wp-json\/wp\/v2\/pages\/12\/revisions\/1280"}],"wp:attachment":[{"href":"https:\/\/panatudestino.com\/index.php\/wp-json\/wp\/v2\/media?parent=12"}],"curies":[{"name":"wp","href":"https:\/\/api.w.org\/{rel}","templated":true}]}}