{"id":676,"date":"2025-02-26T16:35:24","date_gmt":"2025-02-26T16:35:24","guid":{"rendered":"https:\/\/project.panatudestino.com\/?page_id=676"},"modified":"2025-04-04T14:17:48","modified_gmt":"2025-04-04T14:17:48","slug":"super-mercados-y-abarroterias","status":"publish","type":"page","link":"https:\/\/panatudestino.com\/index.php\/super-mercados-y-abarroterias\/","title":{"rendered":"Super Mercados y Abarroter\u00edas"},"content":{"rendered":"<p>[et_pb_section fb_built=\u00bb1&#8243; fullwidth=\u00bbon\u00bb _builder_version=\u00bb4.25.1&#8243; _module_preset=\u00bbdefault\u00bb global_colors_info=\u00bb{}\u00bb][et_pb_fullwidth_slider _builder_version=\u00bb4.25.1&#8243; _module_preset=\u00bbdefault\u00bb global_colors_info=\u00bb{}\u00bb][et_pb_slide heading=\u00bbSupermercados y Abarroter\u00edas\u00bb _builder_version=\u00bb4.25.1&#8243; _module_preset=\u00bbdefault\u00bb header_font=\u00bb|700|||||||\u00bb header_font_size=\u00bb60px\u00bb background_enable_color=\u00bboff\u00bb background_image=\u00bbhttps:\/\/panatudestino.com\/wp-content\/uploads\/2025\/03\/SUPER-1.jpg\u00bb background_enable_image=\u00bbon\u00bb global_colors_info=\u00bb{}\u00bb sticky_transition=\u00bbon\u00bb][\/et_pb_slide][\/et_pb_fullwidth_slider][\/et_pb_section][et_pb_section fb_built=\u00bb1&#8243; _builder_version=\u00bb4.25.1&#8243; _module_preset=\u00bbdefault\u00bb global_colors_info=\u00bb{}\u00bb][et_pb_row column_structure=\u00bb1_3,1_3,1_3&#8243; _builder_version=\u00bb4.25.1&#8243; _module_preset=\u00bbdefault\u00bb global_colors_info=\u00bb{}\u00bb][et_pb_column type=\u00bb1_3&#8243; _builder_version=\u00bb4.25.1&#8243; _module_preset=\u00bbdefault\u00bb global_colors_info=\u00bb{}\u00bb][et_pb_blurb title=\u00bbDespensa Familiar\u00bb image=\u00bbhttps:\/\/panatudestino.com\/wp-content\/uploads\/2025\/03\/1-3.png\u00bb _builder_version=\u00bb4.27.4&#8243; _module_preset=\u00bbdefault\u00bb hover_enabled=\u00bb0&#8243; global_colors_info=\u00bb{}\u00bb animation_style=\u00bbflip\u00bb sticky_enabled=\u00bb0&#8243;]<\/p>\n<ul>\n<li>Direcci\u00f3n: Calle el Amate<\/li>\n<li>Tel\u00e9fono: 7762- 6179<\/li>\n<li>Facebook: Despensa Familiar<\/li>\n<\/ul>\n<p>[\/et_pb_blurb][\/et_pb_column][et_pb_column type=\u00bb1_3&#8243; _builder_version=\u00bb4.25.1&#8243; _module_preset=\u00bbdefault\u00bb global_colors_info=\u00bb{}\u00bb][et_pb_blurb title=\u00bbSupermercado la Torre\u00bb image=\u00bbhttps:\/\/panatudestino.com\/wp-content\/uploads\/2025\/03\/2-5.png\u00bb _builder_version=\u00bb4.27.4&#8243; _module_preset=\u00bbdefault\u00bb hover_enabled=\u00bb0&#8243; global_colors_info=\u00bb{}\u00bb animation_style=\u00bbflip\u00bb sticky_enabled=\u00bb0&#8243;]<\/p>\n<ul>\n<li>Direcci\u00f3n: V\u00eda principal 3-56, Panajachel 07010<\/li>\n<li>Tel\u00e9fono: 2267- 2871<\/li>\n<li>Facebook: Supermercados La Torre<\/li>\n<\/ul>\n<p>[\/et_pb_blurb][\/et_pb_column][et_pb_column type=\u00bb1_3&#8243; _builder_version=\u00bb4.25.1&#8243; _module_preset=\u00bbdefault\u00bb global_colors_info=\u00bb{}\u00bb][et_pb_blurb title=\u00bbChalo\u00b4s Grocery\u00bb image=\u00bbhttps:\/\/panatudestino.com\/wp-content\/uploads\/2025\/03\/3-2.png\u00bb _builder_version=\u00bb4.27.4&#8243; _module_preset=\u00bbdefault\u00bb hover_enabled=\u00bb0&#8243; global_colors_info=\u00bb{}\u00bb animation_style=\u00bbflip\u00bb sticky_enabled=\u00bb0&#8243;]<\/p>\n<ul>\n<li>Direcci\u00f3n: Calle Principal, Panajachel<\/li>\n<li>Tel\u00e9fono: 7762- 2055<\/li>\n<li>WhatsApp: +502 5855 6368<\/li>\n<li>Correo electr\u00f3nico: <span><a href=\"mailto:chalos502@gmail.com\">chalos502@gmail.com<\/a><\/span><\/li>\n<\/ul>\n<p>[\/et_pb_blurb][\/et_pb_column][\/et_pb_row][et_pb_row column_structure=\u00bb1_3,1_3,1_3&#8243; _builder_version=\u00bb4.25.1&#8243; _module_preset=\u00bbdefault\u00bb global_colors_info=\u00bb{}\u00bb][et_pb_column type=\u00bb1_3&#8243; _builder_version=\u00bb4.25.1&#8243; _module_preset=\u00bbdefault\u00bb global_colors_info=\u00bb{}\u00bb][et_pb_blurb title=\u00bbLa Bodegona\u00bb image=\u00bbhttps:\/\/panatudestino.com\/wp-content\/uploads\/2025\/03\/4-4.png\u00bb _builder_version=\u00bb4.27.4&#8243; _module_preset=\u00bbdefault\u00bb hover_enabled=\u00bb0&#8243; global_colors_info=\u00bb{}\u00bb animation_style=\u00bbflip\u00bb sticky_enabled=\u00bb0&#8243;]<\/p>\n<ul>\n<li>Direcci\u00f3n: Calle Principal, frente a mercado municipal, Panajachel<\/li>\n<li>Tel\u00e9fono:\u00a07762-3651 \/ 7762-3517<\/li>\n<li>Facebook: La Bodegona<\/li>\n<\/ul>\n<p>[\/et_pb_blurb][\/et_pb_column][et_pb_column type=\u00bb1_3&#8243; _builder_version=\u00bb4.25.1&#8243; _module_preset=\u00bbdefault\u00bb global_colors_info=\u00bb{}\u00bb][et_pb_blurb title=\u00bbSandra\u00b4s Market\u00bb image=\u00bbhttps:\/\/panatudestino.com\/wp-content\/uploads\/2025\/03\/5-3.png\u00bb _builder_version=\u00bb4.27.4&#8243; _module_preset=\u00bbdefault\u00bb hover_enabled=\u00bb0&#8243; global_colors_info=\u00bb{}\u00bb animation_style=\u00bbflip\u00bb sticky_enabled=\u00bb0&#8243;]<\/p>\n<ul>\n<li>Direcci\u00f3n: Calle Principal, zona 2<\/li>\n<li>Tel\u00e9fono: 7762- 6150<\/li>\n<li>Facebook: Sandra\u00b4s Market<\/li>\n<\/ul>\n<p>[\/et_pb_blurb][\/et_pb_column][et_pb_column type=\u00bb1_3&#8243; _builder_version=\u00bb4.25.1&#8243; _module_preset=\u00bbdefault\u00bb global_colors_info=\u00bb{}\u00bb][\/et_pb_column][\/et_pb_row][\/et_pb_section]<\/p>\n","protected":false},"excerpt":{"rendered":"<p>Direcci\u00f3n: Calle el Amate Tel\u00e9fono: 7762- 6179 Facebook: Despensa Familiar Direcci\u00f3n: V\u00eda principal 3-56, Panajachel 07010 Tel\u00e9fono: 2267- 2871 Facebook: Supermercados La Torre Direcci\u00f3n: Calle Principal, Panajachel Tel\u00e9fono: 7762- 2055 WhatsApp: +502 5855 6368 Correo electr\u00f3nico: chalos502@gmail.com Direcci\u00f3n: Calle Principal, frente a mercado municipal, Panajachel Tel\u00e9fono:\u00a07762-3651 \/ 7762-3517 Facebook: La Bodegona Direcci\u00f3n: Calle Principal, zona [&hellip;]<\/p>\n","protected":false},"author":1,"featured_media":0,"parent":0,"menu_order":0,"comment_status":"closed","ping_status":"closed","template":"","meta":{"_et_pb_use_builder":"on","_et_pb_old_content":"","_et_gb_content_width":"","footnotes":""},"class_list":["post-676","page","type-page","status-publish","hentry"],"_links":{"self":[{"href":"https:\/\/panatudestino.com\/index.php\/wp-json\/wp\/v2\/pages\/676","targetHints":{"allow":["GET"]}}],"collection":[{"href":"https:\/\/panatudestino.com\/index.php\/wp-json\/wp\/v2\/pages"}],"about":[{"href":"https:\/\/panatudestino.com\/index.php\/wp-json\/wp\/v2\/types\/page"}],"author":[{"embeddable":true,"href":"https:\/\/panatudestino.com\/index.php\/wp-json\/wp\/v2\/users\/1"}],"replies":[{"embeddable":true,"href":"https:\/\/panatudestino.com\/index.php\/wp-json\/wp\/v2\/comments?post=676"}],"version-history":[{"count":13,"href":"https:\/\/panatudestino.com\/index.php\/wp-json\/wp\/v2\/pages\/676\/revisions"}],"predecessor-version":[{"id":1138,"href":"https:\/\/panatudestino.com\/index.php\/wp-json\/wp\/v2\/pages\/676\/revisions\/1138"}],"wp:attachment":[{"href":"https:\/\/panatudestino.com\/index.php\/wp-json\/wp\/v2\/media?parent=676"}],"curies":[{"name":"wp","href":"https:\/\/api.w.org\/{rel}","templated":true}]}}