{"id":705,"date":"2025-02-26T17:00:15","date_gmt":"2025-02-26T17:00:15","guid":{"rendered":"https:\/\/project.panatudestino.com\/?page_id=705"},"modified":"2025-04-04T14:16:12","modified_gmt":"2025-04-04T14:16:12","slug":"guia-de-turismo","status":"publish","type":"page","link":"https:\/\/panatudestino.com\/index.php\/guia-de-turismo\/","title":{"rendered":"Gu\u00eda de Turismo"},"content":{"rendered":"<p>[et_pb_section fb_built=\u00bb1&#8243; fullwidth=\u00bbon\u00bb _builder_version=\u00bb4.25.1&#8243; _module_preset=\u00bbdefault\u00bb global_colors_info=\u00bb{}\u00bb][et_pb_fullwidth_slider _builder_version=\u00bb4.25.1&#8243; _module_preset=\u00bbdefault\u00bb global_colors_info=\u00bb{}\u00bb][et_pb_slide heading=\u00bbGu\u00eda de Turismo\u00bb _builder_version=\u00bb4.25.1&#8243; _module_preset=\u00bbdefault\u00bb header_font=\u00bb|700|||||||\u00bb header_font_size=\u00bb60px\u00bb background_enable_color=\u00bboff\u00bb background_image=\u00bbhttps:\/\/panatudestino.com\/wp-content\/uploads\/2025\/03\/7.jpeg\u00bb background_enable_image=\u00bbon\u00bb hover_enabled=\u00bb0&#8243; global_colors_info=\u00bb{}\u00bb sticky_transition=\u00bbon\u00bb sticky_enabled=\u00bb0&#8243;][\/et_pb_slide][\/et_pb_fullwidth_slider][\/et_pb_section][et_pb_section fb_built=\u00bb1&#8243; _builder_version=\u00bb4.25.1&#8243; _module_preset=\u00bbdefault\u00bb global_colors_info=\u00bb{}\u00bb][et_pb_row column_structure=\u00bb1_2,1_2&#8243; _builder_version=\u00bb4.25.1&#8243; _module_preset=\u00bbdefault\u00bb global_colors_info=\u00bb{}\u00bb][et_pb_column type=\u00bb1_2&#8243; _builder_version=\u00bb4.25.1&#8243; _module_preset=\u00bbdefault\u00bb global_colors_info=\u00bb{}\u00bb][et_pb_toggle title=\u00bbCecilia Emelia Rosales Solis\u00bb _builder_version=\u00bb4.27.4&#8243; _module_preset=\u00bbdefault\u00bb hover_enabled=\u00bb0&#8243; global_colors_info=\u00bb{}\u00bb animation_style=\u00bbflip\u00bb sticky_enabled=\u00bb0&#8243;]<\/p>\n<ul>\n<li>Carnet: 1555<\/li>\n<li>Toda la Republica<\/li>\n<li>General<\/li>\n<li>Activo<\/li>\n<\/ul>\n<p>[\/et_pb_toggle][et_pb_toggle title=\u00bbJorge Elias Buch Corox\u00f3n\u00bb _builder_version=\u00bb4.27.4&#8243; _module_preset=\u00bbdefault\u00bb hover_enabled=\u00bb0&#8243; global_colors_info=\u00bb{}\u00bb animation_style=\u00bbflip\u00bb sticky_enabled=\u00bb0&#8243;]<\/p>\n<ul>\n<li>Carnet: 701<\/li>\n<li>Toda la Republica<\/li>\n<li>General<\/li>\n<li>Activo<\/li>\n<\/ul>\n<p>[\/et_pb_toggle][et_pb_toggle title=\u00bbHumberto Samalaj Buch\u00bb _builder_version=\u00bb4.27.4&#8243; _module_preset=\u00bbdefault\u00bb hover_enabled=\u00bb0&#8243; global_colors_info=\u00bb{}\u00bb animation_style=\u00bbflip\u00bb sticky_enabled=\u00bb0&#8243;]<\/p>\n<ul>\n<li>Carnet: \u00a0705<\/li>\n<li>Toda la Republica<\/li>\n<li>General<\/li>\n<li>Activo<\/li>\n<\/ul>\n<p>[\/et_pb_toggle][et_pb_toggle title=\u00bbJuan Diego Sicay Reanda\u00bb _builder_version=\u00bb4.27.4&#8243; _module_preset=\u00bbdefault\u00bb hover_enabled=\u00bb0&#8243; global_colors_info=\u00bb{}\u00bb animation_style=\u00bbflip\u00bb sticky_enabled=\u00bb0&#8243;]<\/p>\n<ul>\n<li>Carnet: 709<\/li>\n<li>Toda la Republica<\/li>\n<li>General<\/li>\n<li>Activo<\/li>\n<\/ul>\n<p>[\/et_pb_toggle][et_pb_toggle title=\u00bbAnibal David Alin\u00e1n Ajcal\u00f3n\u00bb _builder_version=\u00bb4.27.4&#8243; _module_preset=\u00bbdefault\u00bb hover_enabled=\u00bb0&#8243; global_colors_info=\u00bb{}\u00bb animation_style=\u00bbflip\u00bb sticky_enabled=\u00bb0&#8243;]<\/p>\n<ul>\n<li>Carnet: 1351<\/li>\n<li>Toda la Republica<\/li>\n<li>General<\/li>\n<li>Activo<\/li>\n<\/ul>\n<p>[\/et_pb_toggle][et_pb_toggle title=\u00bbSantos Reginaldo Ch\u00e1vez\u00bb _builder_version=\u00bb4.27.4&#8243; _module_preset=\u00bbdefault\u00bb hover_enabled=\u00bb0&#8243; global_colors_info=\u00bb{}\u00bb animation_style=\u00bbflip\u00bb sticky_enabled=\u00bb0&#8243;]<\/p>\n<ul>\n<li>Carnet: 2088<\/li>\n<li>Solol\u00e1<\/li>\n<li>Local<\/li>\n<li>Activo<\/li>\n<\/ul>\n<p>[\/et_pb_toggle][et_pb_toggle title=\u00bbPatricio Humberto  Churunel Batz\u00bb _builder_version=\u00bb4.27.4&#8243; _module_preset=\u00bbdefault\u00bb hover_enabled=\u00bb0&#8243; global_colors_info=\u00bb{}\u00bb animation_style=\u00bbflip\u00bb sticky_enabled=\u00bb0&#8243;]<\/p>\n<ul>\n<li>Carnet: 2089<\/li>\n<li>Solol\u00e1<\/li>\n<li>Local<\/li>\n<li>Activo<\/li>\n<\/ul>\n<p>[\/et_pb_toggle][et_pb_toggle title=\u00bbEduardo Conrado  Choguaj Orozco\u00bb _builder_version=\u00bb4.27.4&#8243; _module_preset=\u00bbdefault\u00bb hover_enabled=\u00bb0&#8243; global_colors_info=\u00bb{}\u00bb animation_style=\u00bbflip\u00bb sticky_enabled=\u00bb0&#8243;]<\/p>\n<ul>\n<li>Carnet: 1450<\/li>\n<li>Solol\u00e1<\/li>\n<li>Local<\/li>\n<li>Activo<\/li>\n<\/ul>\n<p>[\/et_pb_toggle][et_pb_toggle title=\u00bbLu\u00eds Armando Alonzo\u00bb _builder_version=\u00bb4.27.4&#8243; _module_preset=\u00bbdefault\u00bb hover_enabled=\u00bb0&#8243; global_colors_info=\u00bb{}\u00bb animation_style=\u00bbflip\u00bb sticky_enabled=\u00bb0&#8243;]<\/p>\n<ul>\n<li>Carnet: 702<\/li>\n<li>Toda la Republica<\/li>\n<li>General<\/li>\n<li>Activo<\/li>\n<\/ul>\n<p>[\/et_pb_toggle][\/et_pb_column][et_pb_column type=\u00bb1_2&#8243; _builder_version=\u00bb4.25.1&#8243; _module_preset=\u00bbdefault\u00bb global_colors_info=\u00bb{}\u00bb][et_pb_toggle title=\u00bbCarlos Edmundo Aguilar Valladares\u00bb _builder_version=\u00bb4.27.4&#8243; _module_preset=\u00bbdefault\u00bb hover_enabled=\u00bb0&#8243; global_colors_info=\u00bb{}\u00bb animation_style=\u00bbflip\u00bb sticky_enabled=\u00bb0&#8243;]<\/p>\n<ul>\n<li>Carnet: 1797<\/li>\n<li>Toda la republica<\/li>\n<li>Especializado<\/li>\n<li>Activo<\/li>\n<\/ul>\n<p>[\/et_pb_toggle][et_pb_toggle title=\u00bbJuan Jos\u00e9 Antonio Castro Yach\u00bb _builder_version=\u00bb4.27.4&#8243; _module_preset=\u00bbdefault\u00bb hover_enabled=\u00bb0&#8243; global_colors_info=\u00bb{}\u00bb animation_style=\u00bbflip\u00bb sticky_enabled=\u00bb0&#8243;]<\/p>\n<ul>\n<li>Carnet: 703<\/li>\n<li>Toda la Republica<\/li>\n<li>General<\/li>\n<li>Activo<\/li>\n<\/ul>\n<p>[\/et_pb_toggle][et_pb_toggle title=\u00bbH\u00e9ctor Rogelio Puac Par\u00bb _builder_version=\u00bb4.27.4&#8243; _module_preset=\u00bbdefault\u00bb hover_enabled=\u00bb0&#8243; global_colors_info=\u00bb{}\u00bb animation_style=\u00bbflip\u00bb sticky_enabled=\u00bb0&#8243;]<\/p>\n<ul>\n<li>Carnet: 708<\/li>\n<li>Toda la Republica<\/li>\n<li>General<\/li>\n<li>Activo<\/li>\n<\/ul>\n<p>[\/et_pb_toggle][et_pb_toggle title=\u00bbJuan Carlos Xon Solis \u00bb _builder_version=\u00bb4.27.4&#8243; _module_preset=\u00bbdefault\u00bb hover_enabled=\u00bb0&#8243; global_colors_info=\u00bb{}\u00bb animation_style=\u00bbflip\u00bb sticky_enabled=\u00bb0&#8243;]<\/p>\n<ul>\n<li>Carnet: 1016<\/li>\n<li>Toda la Republica<\/li>\n<li>General<\/li>\n<li>Activo<\/li>\n<\/ul>\n<p>[\/et_pb_toggle][et_pb_toggle title=\u00bbLoly Janeth Alvarado Ram\u00edrez \u00bb _builder_version=\u00bb4.27.4&#8243; _module_preset=\u00bbdefault\u00bb hover_enabled=\u00bb0&#8243; global_colors_info=\u00bb{}\u00bb animation_style=\u00bbflip\u00bb sticky_enabled=\u00bb0&#8243;]<\/p>\n<ul>\n<li>Carnet: 1365<\/li>\n<li>Toda la Republica<\/li>\n<li>General<\/li>\n<\/ul>\n<p>[\/et_pb_toggle][et_pb_toggle title=\u00bbEduardo Antonio Buch Chop\u00e9n \u00bb _builder_version=\u00bb4.27.4&#8243; _module_preset=\u00bbdefault\u00bb hover_enabled=\u00bb0&#8243; global_colors_info=\u00bb{}\u00bb animation_style=\u00bbflip\u00bb sticky_enabled=\u00bb0&#8243;]<\/p>\n<ul>\n<li>Carnet: 2606<\/li>\n<li>Solol\u00e1<\/li>\n<li>Local<\/li>\n<li>Activo<\/li>\n<\/ul>\n<p>[\/et_pb_toggle][et_pb_toggle title=\u00bbLiliana Rebeca Yach Set\u00fan\u00bb _builder_version=\u00bb4.27.4&#8243; _module_preset=\u00bbdefault\u00bb hover_enabled=\u00bb0&#8243; global_colors_info=\u00bb{}\u00bb animation_style=\u00bbflip\u00bb sticky_enabled=\u00bb0&#8243;]<\/p>\n<ul>\n<li>Carnet: 2090<\/li>\n<li>Solol\u00e1<\/li>\n<li>Local<\/li>\n<li>Activo<\/li>\n<\/ul>\n<p>[\/et_pb_toggle][et_pb_toggle title=\u00bbNicol\u00e1s Tichoc Rodriguez\u00bb _builder_version=\u00bb4.27.4&#8243; _module_preset=\u00bbdefault\u00bb hover_enabled=\u00bb0&#8243; global_colors_info=\u00bb{}\u00bb animation_style=\u00bbflip\u00bb sticky_enabled=\u00bb0&#8243;]<\/p>\n<ul>\n<li>Carnet: \u00a0746<\/li>\n<li>Toda la Republica<\/li>\n<li>General<\/li>\n<li>Activo<\/li>\n<\/ul>\n<p>[\/et_pb_toggle][\/et_pb_column][\/et_pb_row][\/et_pb_section]<\/p>\n","protected":false},"excerpt":{"rendered":"<p>Carnet: 1555 Toda la Republica General Activo Carnet: 701 Toda la Republica General Activo Carnet: \u00a0705 Toda la Republica General Activo Carnet: 709 Toda la Republica General Activo Carnet: 1351 Toda la Republica General Activo Carnet: 2088 Solol\u00e1 Local Activo Carnet: 2089 Solol\u00e1 Local Activo Carnet: 1450 Solol\u00e1 Local Activo Carnet: 702 Toda la Republica [&hellip;]<\/p>\n","protected":false},"author":1,"featured_media":0,"parent":0,"menu_order":0,"comment_status":"closed","ping_status":"closed","template":"","meta":{"_et_pb_use_builder":"on","_et_pb_old_content":"","_et_gb_content_width":"","footnotes":""},"class_list":["post-705","page","type-page","status-publish","hentry"],"_links":{"self":[{"href":"https:\/\/panatudestino.com\/index.php\/wp-json\/wp\/v2\/pages\/705","targetHints":{"allow":["GET"]}}],"collection":[{"href":"https:\/\/panatudestino.com\/index.php\/wp-json\/wp\/v2\/pages"}],"about":[{"href":"https:\/\/panatudestino.com\/index.php\/wp-json\/wp\/v2\/types\/page"}],"author":[{"embeddable":true,"href":"https:\/\/panatudestino.com\/index.php\/wp-json\/wp\/v2\/users\/1"}],"replies":[{"embeddable":true,"href":"https:\/\/panatudestino.com\/index.php\/wp-json\/wp\/v2\/comments?post=705"}],"version-history":[{"count":12,"href":"https:\/\/panatudestino.com\/index.php\/wp-json\/wp\/v2\/pages\/705\/revisions"}],"predecessor-version":[{"id":1137,"href":"https:\/\/panatudestino.com\/index.php\/wp-json\/wp\/v2\/pages\/705\/revisions\/1137"}],"wp:attachment":[{"href":"https:\/\/panatudestino.com\/index.php\/wp-json\/wp\/v2\/media?parent=705"}],"curies":[{"name":"wp","href":"https:\/\/api.w.org\/{rel}","templated":true}]}}